{"id":2,"date":"2025-02-12T12:27:44","date_gmt":"2025-02-12T11:27:44","guid":{"rendered":"https:\/\/www.kopsterhotels.com\/colombes\/?page_id=2"},"modified":"2026-02-17T15:19:25","modified_gmt":"2026-02-17T14:19:25","slug":"accueil-2","status":"publish","type":"page","link":"https:\/\/www.kopsterhotels.com\/colombes\/","title":{"rendered":"Accueil"},"content":{"rendered":"","protected":false},"excerpt":{"rendered":"","protected":false},"author":1,"featured_media":0,"parent":0,"menu_order":0,"comment_status":"closed","ping_status":"closed","template":"","meta":{"_acf_changed":false,"footnotes":""},"class_list":["post-2","page","type-page","status-publish","hentry"],"acf":[],"yoast_head":"<!-- This site is optimized with the Yoast SEO plugin v27.3 - https:\/\/yoast.com\/product\/yoast-seo-wordpress\/ -->\n<title>Kopster Hotel R\u00e9sidence Paris Ouest Colombes \u2013 H\u00f4tel &amp; appart\u2019hotel design aux portes de Paris<\/title>\n<meta name=\"description\" content=\"S\u00e9journez au Kopster Hotel R\u00e9sidence Paris Ouest Colombes, \u00e0 12 min de la gare Saint-Lazare et 15 min de La D\u00e9fense. 134 chambres + 117 appartements avec kitchenette, rooftop terrasse avec vue Tour Eiffel, parking &amp; Wi-Fi gratuit. Parfait pour affaires, famille ou escapade urbaine.\" \/>\n<meta name=\"robots\" content=\"index, follow, max-snippet:-1, max-image-preview:large, max-video-preview:-1\" \/>\n<link rel=\"canonical\" href=\"https:\/\/www.kopsterhotels.com\/colombes\/\" \/>\n<meta property=\"og:locale\" content=\"fr_FR\" \/>\n<meta property=\"og:type\" content=\"article\" \/>\n<meta property=\"og:title\" content=\"Kopster Hotel R\u00e9sidence Paris Ouest Colombes \u2013 H\u00f4tel &amp; appart\u2019hotel design aux portes de Paris\" \/>\n<meta property=\"og:description\" content=\"S\u00e9journez au Kopster Hotel R\u00e9sidence Paris Ouest Colombes, \u00e0 12 min de la gare Saint-Lazare et 15 min de La D\u00e9fense. 134 chambres + 117 appartements avec kitchenette, rooftop terrasse avec vue Tour Eiffel, parking &amp; Wi-Fi gratuit. Parfait pour affaires, famille ou escapade urbaine.\" \/>\n<meta property=\"og:url\" content=\"https:\/\/www.kopsterhotels.com\/colombes\/\" \/>\n<meta property=\"og:site_name\" content=\"Paris Ouest Colombes\" \/>\n<meta property=\"article:modified_time\" content=\"2026-02-17T14:19:25+00:00\" \/>\n<meta property=\"og:image\" content=\"https:\/\/www.kopsterhotels.com\/colombes\/wp-content\/uploads\/sites\/7\/2025\/04\/kopster-hotels-colombes-chambres.jpg\" \/>\n\t<meta property=\"og:image:width\" content=\"900\" \/>\n\t<meta property=\"og:image:height\" content=\"600\" \/>\n\t<meta property=\"og:image:type\" content=\"image\/jpeg\" \/>\n<meta name=\"twitter:card\" content=\"summary_large_image\" \/>\n<meta name=\"twitter:label1\" content=\"Dur\u00e9e de lecture estim\u00e9e\" \/>\n\t<meta name=\"twitter:data1\" content=\"15 minutes\" \/>\n<script type=\"application\/ld+json\" class=\"yoast-schema-graph\">{\"@context\":\"https:\\\/\\\/schema.org\",\"@graph\":[{\"@type\":\"WebPage\",\"@id\":\"https:\\\/\\\/www.kopsterhotels.com\\\/colombes\\\/\",\"url\":\"https:\\\/\\\/www.kopsterhotels.com\\\/colombes\\\/\",\"name\":\"Kopster Hotel R\u00e9sidence Paris Ouest Colombes \u2013 H\u00f4tel & appart\u2019hotel design aux portes de Paris\",\"isPartOf\":{\"@id\":\"https:\\\/\\\/www.kopsterhotels.com\\\/colombes\\\/#website\"},\"datePublished\":\"2025-02-12T11:27:44+00:00\",\"dateModified\":\"2026-02-17T14:19:25+00:00\",\"description\":\"S\u00e9journez au Kopster Hotel R\u00e9sidence Paris Ouest Colombes, \u00e0 12 min de la gare Saint-Lazare et 15 min de La D\u00e9fense. 134 chambres + 117 appartements avec kitchenette, rooftop terrasse avec vue Tour Eiffel, parking & Wi-Fi gratuit. Parfait pour affaires, famille ou escapade urbaine.\",\"breadcrumb\":{\"@id\":\"https:\\\/\\\/www.kopsterhotels.com\\\/colombes\\\/#breadcrumb\"},\"inLanguage\":\"fr-FR\",\"potentialAction\":[{\"@type\":\"ReadAction\",\"target\":[\"https:\\\/\\\/www.kopsterhotels.com\\\/colombes\\\/\"]}]},{\"@type\":\"BreadcrumbList\",\"@id\":\"https:\\\/\\\/www.kopsterhotels.com\\\/colombes\\\/#breadcrumb\",\"itemListElement\":[{\"@type\":\"ListItem\",\"position\":1,\"name\":\"Kopster Colombes\",\"item\":\"https:\\\/\\\/www.kopsterhotels.com\\\/colombes\\\/\"},{\"@type\":\"ListItem\",\"position\":2,\"name\":\"Accueil\"}]},{\"@type\":\"WebSite\",\"@id\":\"https:\\\/\\\/www.kopsterhotels.com\\\/colombes\\\/#website\",\"url\":\"https:\\\/\\\/www.kopsterhotels.com\\\/colombes\\\/\",\"name\":\"Kopster H\u00f4tel Paris Ouest Colombes\",\"description\":\"\",\"potentialAction\":[{\"@type\":\"SearchAction\",\"target\":{\"@type\":\"EntryPoint\",\"urlTemplate\":\"https:\\\/\\\/www.kopsterhotels.com\\\/colombes\\\/?s={search_term_string}\"},\"query-input\":{\"@type\":\"PropertyValueSpecification\",\"valueRequired\":true,\"valueName\":\"search_term_string\"}}],\"inLanguage\":\"fr-FR\"}]}<\/script>\n<!-- \/ Yoast SEO plugin. -->","yoast_head_json":{"title":"Kopster Hotel R\u00e9sidence Paris Ouest Colombes \u2013 H\u00f4tel & appart\u2019hotel design aux portes de Paris","description":"S\u00e9journez au Kopster Hotel R\u00e9sidence Paris Ouest Colombes, \u00e0 12 min de la gare Saint-Lazare et 15 min de La D\u00e9fense. 134 chambres + 117 appartements avec kitchenette, rooftop terrasse avec vue Tour Eiffel, parking & Wi-Fi gratuit. Parfait pour affaires, famille ou escapade urbaine.","robots":{"index":"index","follow":"follow","max-snippet":"max-snippet:-1","max-image-preview":"max-image-preview:large","max-video-preview":"max-video-preview:-1"},"canonical":"https:\/\/www.kopsterhotels.com\/colombes\/","og_locale":"fr_FR","og_type":"article","og_title":"Kopster Hotel R\u00e9sidence Paris Ouest Colombes \u2013 H\u00f4tel & appart\u2019hotel design aux portes de Paris","og_description":"S\u00e9journez au Kopster Hotel R\u00e9sidence Paris Ouest Colombes, \u00e0 12 min de la gare Saint-Lazare et 15 min de La D\u00e9fense. 134 chambres + 117 appartements avec kitchenette, rooftop terrasse avec vue Tour Eiffel, parking & Wi-Fi gratuit. Parfait pour affaires, famille ou escapade urbaine.","og_url":"https:\/\/www.kopsterhotels.com\/colombes\/","og_site_name":"Paris Ouest Colombes","article_modified_time":"2026-02-17T14:19:25+00:00","og_image":[{"width":900,"height":600,"url":"https:\/\/www.kopsterhotels.com\/colombes\/wp-content\/uploads\/sites\/7\/2025\/04\/kopster-hotels-colombes-chambres.jpg","type":"image\/jpeg"}],"twitter_card":"summary_large_image","twitter_misc":{"Dur\u00e9e de lecture estim\u00e9e":"15 minutes"},"schema":{"@context":"https:\/\/schema.org","@graph":[{"@type":"WebPage","@id":"https:\/\/www.kopsterhotels.com\/colombes\/","url":"https:\/\/www.kopsterhotels.com\/colombes\/","name":"Kopster Hotel R\u00e9sidence Paris Ouest Colombes \u2013 H\u00f4tel & appart\u2019hotel design aux portes de Paris","isPartOf":{"@id":"https:\/\/www.kopsterhotels.com\/colombes\/#website"},"datePublished":"2025-02-12T11:27:44+00:00","dateModified":"2026-02-17T14:19:25+00:00","description":"S\u00e9journez au Kopster Hotel R\u00e9sidence Paris Ouest Colombes, \u00e0 12 min de la gare Saint-Lazare et 15 min de La D\u00e9fense. 134 chambres + 117 appartements avec kitchenette, rooftop terrasse avec vue Tour Eiffel, parking & Wi-Fi gratuit. Parfait pour affaires, famille ou escapade urbaine.","breadcrumb":{"@id":"https:\/\/www.kopsterhotels.com\/colombes\/#breadcrumb"},"inLanguage":"fr-FR","potentialAction":[{"@type":"ReadAction","target":["https:\/\/www.kopsterhotels.com\/colombes\/"]}]},{"@type":"BreadcrumbList","@id":"https:\/\/www.kopsterhotels.com\/colombes\/#breadcrumb","itemListElement":[{"@type":"ListItem","position":1,"name":"Kopster Colombes","item":"https:\/\/www.kopsterhotels.com\/colombes\/"},{"@type":"ListItem","position":2,"name":"Accueil"}]},{"@type":"WebSite","@id":"https:\/\/www.kopsterhotels.com\/colombes\/#website","url":"https:\/\/www.kopsterhotels.com\/colombes\/","name":"Kopster H\u00f4tel Paris Ouest Colombes","description":"","potentialAction":[{"@type":"SearchAction","target":{"@type":"EntryPoint","urlTemplate":"https:\/\/www.kopsterhotels.com\/colombes\/?s={search_term_string}"},"query-input":{"@type":"PropertyValueSpecification","valueRequired":true,"valueName":"search_term_string"}}],"inLanguage":"fr-FR"}]}},"lang":"fr","translations":{"fr":2,"en":1130},"pll_sync_post":[],"_links":{"self":[{"href":"https:\/\/www.kopsterhotels.com\/colombes\/wp-json\/wp\/v2\/pages\/2","targetHints":{"allow":["GET"]}}],"collection":[{"href":"https:\/\/www.kopsterhotels.com\/colombes\/wp-json\/wp\/v2\/pages"}],"about":[{"href":"https:\/\/www.kopsterhotels.com\/colombes\/wp-json\/wp\/v2\/types\/page"}],"author":[{"embeddable":true,"href":"https:\/\/www.kopsterhotels.com\/colombes\/wp-json\/wp\/v2\/users\/1"}],"replies":[{"embeddable":true,"href":"https:\/\/www.kopsterhotels.com\/colombes\/wp-json\/wp\/v2\/comments?post=2"}],"version-history":[{"count":0,"href":"https:\/\/www.kopsterhotels.com\/colombes\/wp-json\/wp\/v2\/pages\/2\/revisions"}],"wp:attachment":[{"href":"https:\/\/www.kopsterhotels.com\/colombes\/wp-json\/wp\/v2\/media?parent=2"}],"curies":[{"name":"wp","href":"https:\/\/api.w.org\/{rel}","templated":true}]}}